{"id":797,"date":"2020-09-14T08:57:50","date_gmt":"2020-09-14T12:57:50","guid":{"rendered":"https:\/\/videosurdemande.ca\/Energie\/?page_id=797"},"modified":"2022-08-15T15:24:14","modified_gmt":"2022-08-15T19:24:14","slug":"nouvel-accueil","status":"publish","type":"page","link":"https:\/\/videosurdemande.ca\/Energie\/","title":{"rendered":"Nouvel accueil"},"content":{"rendered":"<p>[et_pb_section fb_built=\u00a0\u00bb1&Prime; fullwidth=\u00a0\u00bbon\u00a0\u00bb _builder_version=\u00a0\u00bb4.16&Prime; _module_preset=\u00a0\u00bbdefault\u00a0\u00bb global_colors_info=\u00a0\u00bb{}\u00a0\u00bb][et_pb_fullwidth_code _builder_version=\u00a0\u00bb4.16&Prime; _module_preset=\u00a0\u00bbdefault\u00a0\u00bb global_colors_info=\u00a0\u00bb{}\u00a0\u00bb]<p>[et_pb_section fb_built=\u00a0\u00bb1&Prime; fullwidth=\u00a0\u00bbon\u00a0\u00bb disabled_on=\u00a0\u00bboff|off|off\u00a0\u00bb module_class=\u00a0\u00bbcarousselHero\u00a0\u00bb _builder_version=\u00a0\u00bb4.16&Prime; _module_preset=\u00a0\u00bbdefault\u00a0\u00bb background_enable_image=\u00a0\u00bboff\u00a0\u00bb locked=\u00a0\u00bboff\u00a0\u00bb global_colors_info=\u00a0\u00bb{}\u00a0\u00bb][et_pb_fullwidth_header disabled_on=\u00a0\u00bbon|on|on\u00a0\u00bb _builder_version=\u00a0\u00bb4.16&Prime; _module_preset=\u00a0\u00bbdefault\u00a0\u00bb background_color=\u00a0\u00bbrgba(0,0,0,0)\u00a0\u00bb disabled=\u00a0\u00bbon\u00a0\u00bb global_colors_info=\u00a0\u00bb{}\u00a0\u00bb]<img loading=\"lazy\" decoding=\"async\" class=\"wp-image-806 alignnone size-full\" src=\"https:\/\/videosurdemande.ca\/Energie\/wp-content\/uploads\/2020\/09\/logo_energie.png\" alt=\"\" width=\"213\" height=\"100\" \/><\/p>\n<p><img loading=\"lazy\" decoding=\"async\" class=\"wp-image-807 alignnone size-medium\" src=\"https:\/\/videosurdemande.ca\/Energie\/wp-content\/uploads\/2020\/09\/virtuel.png\" alt=\"\" width=\"251\" height=\"131\" \/><\/p>\n<p>The application allows you to join in, in any of your trainings and favourite Group Fitness classes in the comfort of your home or when travelling, wherever you may be on the planet![\/et_pb_fullwidth_header][et_pb_fullwidth_slider module_class=\u00a0\u00bbadminhidden\u00a0\u00bb _builder_version=\u00a0\u00bb4.19.4&Prime; _module_preset=\u00a0\u00bbdefault\u00a0\u00bb auto=\u00a0\u00bbon\u00a0\u00bb auto_speed=\u00a0\u00bb8400&Prime; auto_ignore_hover=\u00a0\u00bbon\u00a0\u00bb hover_enabled=\u00a0\u00bb0&Prime; global_colors_info=\u00a0\u00bb{}\u00a0\u00bb sticky_enabled=\u00a0\u00bb0&Prime;][et_pb_slide image=\u00a0\u00bbhttps:\/\/videosurdemande.ca\/Energie\/wp-content\/uploads\/2021\/01\/image1.jpg\u00a0\u00bb admin_title=\u00a0\u00bbIntro Slide\u00a0\u00bb _builder_version=\u00a0\u00bb4.19.4&Prime; _module_preset=\u00a0\u00bbdefault\u00a0\u00bb global_colors_info=\u00a0\u00bb{}\u00a0\u00bb sticky_transition=\u00a0\u00bbon\u00a0\u00bb][\/et_pb_slide][et_pb_slide image=\u00a0\u00bbhttps:\/\/videosurdemande.ca\/Energie\/wp-content\/uploads\/2021\/01\/Nouveautes_ANG.jpg\u00a0\u00bb admin_title=\u00a0\u00bbNouveaute\u00a0\u00bb _builder_version=\u00a0\u00bb4.19.4&Prime; _module_preset=\u00a0\u00bbdefault\u00a0\u00bb link_option_url=\u00a0\u00bbhttps:\/\/videosurdemande.ca\/Energie\/en\/video\/teaser\/\u00a0\u00bb global_colors_info=\u00a0\u00bb{}\u00a0\u00bb sticky_transition=\u00a0\u00bbon\u00a0\u00bb][\/et_pb_slide][et_pb_slide video_url=\u00a0\u00bbhttps:\/\/videosurdemande.ca\/Energie\/wp-content\/uploads\/2023\/01\/TV_-_AMRAP_EMOM_TABATA.mp4.mp4&Prime; admin_title=\u00a0\u00bbVideo Tab\u00a0\u00bb _builder_version=\u00a0\u00bb4.19.4&Prime; _module_preset=\u00a0\u00bbdefault\u00a0\u00bb background_enable_video_mp4=\u00a0\u00bboff\u00a0\u00bb global_colors_info=\u00a0\u00bb{}\u00a0\u00bb sticky_transition=\u00a0\u00bbon\u00a0\u00bb][\/et_pb_slide][\/et_pb_fullwidth_slider][\/et_pb_section]<\/p>\n[\/et_pb_fullwidth_code][\/et_pb_section][et_pb_section fb_built=\u00a0\u00bb1&Prime; _builder_version=\u00a0\u00bb4.16&Prime; _module_preset=\u00a0\u00bbdefault\u00a0\u00bb background_color=\u00a0\u00bb#000000&Prime; custom_padding=\u00a0\u00bb55px||245px||false|false\u00a0\u00bb global_colors_info=\u00a0\u00bb{}\u00a0\u00bb][et_pb_row _builder_version=\u00a0\u00bb4.16&Prime; _module_preset=\u00a0\u00bbdefault\u00a0\u00bb custom_padding=\u00a0\u00bb0px||0px||true|false\u00a0\u00bb global_colors_info=\u00a0\u00bb{}\u00a0\u00bb][et_pb_column type=\u00a0\u00bb4_4&Prime; _builder_version=\u00a0\u00bb4.16&Prime; _module_preset=\u00a0\u00bbdefault\u00a0\u00bb global_colors_info=\u00a0\u00bb{}\u00a0\u00bb][et_pb_text _builder_version=\u00a0\u00bb4.17.4&Prime; _module_preset=\u00a0\u00bbdefault\u00a0\u00bb hover_enabled=\u00a0\u00bb0&Prime; global_colors_info=\u00a0\u00bb{}\u00a0\u00bb sticky_enabled=\u00a0\u00bb0&Prime;]<\/p>\n<p>L\u2019application \u00c9nergie Cardio VIRTUEL vous permet de profiter de vos cours en groupe et de vos entrainements pr\u00e9f\u00e9r\u00e9s dans le confort et la commodit\u00e9 de votre maison ou lors de vos d\u00e9placements, o\u00f9 que vous soyez sur la plan\u00e8te.<\/p>\n<p>Sur votre cellulaire, votre tablette, votre ordinateur, ou votre t\u00e9l\u00e9viseur, acc\u00e9dez \u00e0 une grande vari\u00e9t\u00e9 de cours en groupe et d\u2019entrainements pr\u00e9enregistr\u00e9s d\u2019une dur\u00e9e de 30, 45 ou 60 minutes, auxquels vous pourrez participer et ins\u00e9rer \u00e0 votre horaire, selon vos go\u00fbts du moment. Avec des entrainements fonctionnels, 5 types de cours et 16 programmes diff\u00e9rents, vous trouverez un cours qui r\u00e9pondra aux besoins de votre c\u0153ur, votre corps, et votre esprit pour vivre une vie \u00e9nergique et \u00e9panouie.<\/p>\n<p>Pour une exp\u00e9rience qui se rapproche de la r\u00e9alit\u00e9, vous aurez l\u2019occasion de participer \u00e0 des cours virtuels en direct, en compagnie des autres participants qui se trouvent au gym au m\u00eame moment\u2009! Le confort de la maison combin\u00e9 \u00e0 la motivation d\u2019un groupe et de l\u2019instructeur qui s\u2019entrainent en m\u00eame temps que vous\u2026aussi stimulant et gratifiant qu\u2019aller au gym\u2009! Vous pourrez \u00e9galement suivre nos entraineurs en direct avec des programmes adapt\u00e9s \u00e0 tous les niveaux.<\/p>\n<p>De plus, pour \u00e9viter les blessures et profiter au maximum de tous vos entrainements, l\u2019application \u00c9nergie Cardio VIRTUEL vous offre des capsules techniques afin que vous puissiez apprendre \u00e0 ex\u00e9cuter correctement les mouvements de base les plus populaires utilis\u00e9s dans la plupart des programmes d\u2019entrainement.<\/p>\n<p>L\u2019application \u00c9nergie Cardio VIRTUEL est votre meilleure partenaire d\u2019entrainement \u00e0 l\u2019ext\u00e9rieur du gym pour ne plus manquer vos entrainements, vos cours en groupe pr\u00e9f\u00e9r\u00e9s et pour vous soutenir dans votre parcours de sant\u00e9 et de remise en forme, et vous aider \u00e0 tirer le meilleur parti de votre programme d\u2019entrainement. En compl\u00e9ment \u00e0 votre abonnement au gym, c\u2019est vraiment le meilleur des deux mondes\u2009! Il n\u2019y a plus d\u2019excuses qui tiennent, vous pouvez maintenant vous entrainer partout et en tout temps\u2009!<\/p>\n<p>[\/et_pb_text][\/et_pb_column][\/et_pb_row][\/et_pb_section]<\/p>\n","protected":false},"excerpt":{"rendered":"<p><div class=\"et_pb_section et_pb_section_0 carousselHero et_pb_fullwidth_section et_section_regular\" >\n\t\t\t\t\n\t\t\t\t\n\t\t\t\t\n\t\t\t\t\n\t\t\t\t\n\t\t\t\t\n\t\t\t\t<div class=\"et_pb_module et_pb_fullwidth_slider_0 adminhidden et_pb_slider et_slider_auto et_slider_speed_8400 et_slider_auto_ignore_hover\">\n\t\t\t\t<div class=\"et_pb_slides\">\n\t\t\t\t\t<div class=\"et_pb_slide et_pb_slide_0 et_pb_bg_layout_dark et_pb_slide_with_image et_pb_media_alignment_center et-pb-active-slide\" data-slide-id=\"et_pb_slide_0\">\n\t\t\t\t\n\t\t\t\t\n\t\t\t\t<div class=\"et_pb_container clearfix\">\n\t\t\t\t\t<div class=\"et_pb_slider_container_inner\">\n\t\t\t\t\t\t<div class=\"et_pb_slide_image\"><img loading=\"lazy\" decoding=\"async\" width=\"1920\" height=\"1080\" src=\"https:\/\/videosurdemande.ca\/Energie\/wp-content\/uploads\/2021\/01\/image1.jpg\" alt=\"\" srcset=\"https:\/\/videosurdemande.ca\/Energie\/wp-content\/uploads\/2021\/01\/image1.jpg 1920w, https:\/\/videosurdemande.ca\/Energie\/wp-content\/uploads\/2021\/01\/image1-1280x720.jpg 1280w, https:\/\/videosurdemande.ca\/Energie\/wp-content\/uploads\/2021\/01\/image1-980x551.jpg 980w, https:\/\/videosurdemande.ca\/Energie\/wp-content\/uploads\/2021\/01\/image1-480x270.jpg 480w\" sizes=\"(min-width: 0px) and (max-width: 480px) 480px, (min-width: 481px) and (max-width: 980px) 980px, (min-width: 981px) and (max-width: 1280px) 1280px, (min-width: 1281px) 1920px, 100vw\" class=\"wp-image-2122\" \/><\/div>\n\t\t\t\t\t\t<div class=\"et_pb_slide_description\">\n\t\t\t\t\t\t\t\n\t\t\t\t\t\t\t\n\t\t\t\t\t\t<\/div>\n\t\t\t\t\t<\/div>\n\t\t\t\t<\/div>\n\t\t\t\t\n\t\t\t\t\n\t\t\t\t\n\t\t\t<\/div>\n\t\t\t<div class=\"et_pb_slide et_pb_slide_1 et_clickable et_pb_bg_layout_dark et_pb_slide_with_image et_pb_media_alignment_center\" data-slide-id=\"et_pb_slide_1\">\n\t\t\t\t\n\t\t\t\t\n\t\t\t\t<div class=\"et_pb_container clearfix\">\n\t\t\t\t\t<div class=\"et_pb_slider_container_inner\">\n\t\t\t\t\t\t<div class=\"et_pb_slide_image\"><img loading=\"lazy\" decoding=\"async\" width=\"1920\" height=\"1080\" src=\"https:\/\/videosurdemande.ca\/Energie\/wp-content\/uploads\/2021\/01\/Nouveautes_ANG.jpg\" alt=\"\" srcset=\"https:\/\/videosurdemande.ca\/Energie\/wp-content\/uploads\/2021\/01\/Nouveautes_ANG.jpg 1920w, https:\/\/videosurdemande.ca\/Energie\/wp-content\/uploads\/2021\/01\/Nouveautes_ANG-1280x720.jpg 1280w, https:\/\/videosurdemande.ca\/Energie\/wp-content\/uploads\/2021\/01\/Nouveautes_ANG-980x551.jpg 980w, https:\/\/videosurdemande.ca\/Energie\/wp-content\/uploads\/2021\/01\/Nouveautes_ANG-480x270.jpg 480w\" sizes=\"(min-width: 0px) and (max-width: 480px) 480px, (min-width: 481px) and (max-width: 980px) 980px, (min-width: 981px) and (max-width: 1280px) 1280px, (min-width: 1281px) 1920px, 100vw\" class=\"wp-image-2081\" \/><\/div>\n\t\t\t\t\t\t<div class=\"et_pb_slide_description\">\n\t\t\t\t\t\t\t\n\t\t\t\t\t\t\t\n\t\t\t\t\t\t<\/div>\n\t\t\t\t\t<\/div>\n\t\t\t\t<\/div>\n\t\t\t\t\n\t\t\t\t\n\t\t\t\t\n\t\t\t<\/div>\n\t\t\t<div class=\"et_pb_slide et_pb_slide_2 et_pb_bg_layout_dark et_pb_slide_with_image et_pb_slide_with_video et_pb_media_alignment_center\" data-slide-id=\"et_pb_slide_2\">\n\t\t\t\t\n\t\t\t\t\n\t\t\t\t<div class=\"et_pb_container clearfix\">\n\t\t\t\t\t<div class=\"et_pb_slider_container_inner\">\n\t\t\t\t\t\t<div class=\"et_pb_slide_video\"><div style=\"width: 640px;\" class=\"wp-video\"><video class=\"wp-video-shortcode\" id=\"video-0-1\" width=\"640\" height=\"360\" preload=\"metadata\" controls=\"controls\"><source type=\"video\/mp4\" src=\"https:\/\/videosurdemande.ca\/Energie\/wp-content\/uploads\/2023\/01\/TV_-_AMRAP_EMOM_TABATA.mp4.mp4?_=1\" \/><a href=\"https:\/\/videosurdemande.ca\/Energie\/wp-content\/uploads\/2023\/01\/TV_-_AMRAP_EMOM_TABATA.mp4.mp4\">https:\/\/videosurdemande.ca\/Energie\/wp-content\/uploads\/2023\/01\/TV_-_AMRAP_EMOM_TABATA.mp4.mp4<\/a><\/video><\/div><\/div>\n\t\t\t\t\t\t<div class=\"et_pb_slide_description\">\n\t\t\t\t\t\t\t\n\t\t\t\t\t\t\t\n\t\t\t\t\t\t<\/div>\n\t\t\t\t\t<\/div>\n\t\t\t\t<\/div>\n\t\t\t\t\n\t\t\t\t\n\t\t\t\t\n\t\t\t<\/div>\n\t\t\t\n\t\t\t\t<\/div>\n\t\t\t\t\n\t\t\t<\/div>\n\t\t\t\n\t\t\t\t\n\t\t\t\t\n\t\t\t<\/div>\nL\u2019application \u00c9nergie Cardio VIRTUEL vous permet de profiter de vos cours en groupe et de vos entrainements pr\u00e9f\u00e9r\u00e9s dans le confort et la commodit\u00e9 de votre maison ou lors de vos d\u00e9placements, o\u00f9 que vous soyez sur la plan\u00e8te. Sur votre cellulaire, votre tablette, votre ordinateur, ou votre t\u00e9l\u00e9viseur, acc\u00e9dez \u00e0 une grande vari\u00e9t\u00e9 de [&hellip;]<\/p>\n","protected":false},"author":1,"featured_media":0,"parent":0,"menu_order":0,"comment_status":"closed","ping_status":"closed","template":"","meta":{"_acf_changed":false,"_et_pb_use_builder":"on","_et_pb_old_content":"","_et_gb_content_width":"","footnotes":""},"class_list":["post-797","page","type-page","status-publish","hentry"],"acf":[],"_links":{"self":[{"href":"https:\/\/videosurdemande.ca\/Energie\/wp-json\/wp\/v2\/pages\/797","targetHints":{"allow":["GET"]}}],"collection":[{"href":"https:\/\/videosurdemande.ca\/Energie\/wp-json\/wp\/v2\/pages"}],"about":[{"href":"https:\/\/videosurdemande.ca\/Energie\/wp-json\/wp\/v2\/types\/page"}],"author":[{"embeddable":true,"href":"https:\/\/videosurdemande.ca\/Energie\/wp-json\/wp\/v2\/users\/1"}],"replies":[{"embeddable":true,"href":"https:\/\/videosurdemande.ca\/Energie\/wp-json\/wp\/v2\/comments?post=797"}],"version-history":[{"count":1,"href":"https:\/\/videosurdemande.ca\/Energie\/wp-json\/wp\/v2\/pages\/797\/revisions"}],"predecessor-version":[{"id":31696,"href":"https:\/\/videosurdemande.ca\/Energie\/wp-json\/wp\/v2\/pages\/797\/revisions\/31696"}],"wp:attachment":[{"href":"https:\/\/videosurdemande.ca\/Energie\/wp-json\/wp\/v2\/media?parent=797"}],"curies":[{"name":"wp","href":"https:\/\/api.w.org\/{rel}","templated":true}]}}